{"id":30203,"date":"2019-09-05T09:23:01","date_gmt":"2019-09-05T07:23:01","guid":{"rendered":"http:\/\/www.kasiterit.eu\/?page_id=30203&#038;lang=en"},"modified":"2022-01-09T13:04:30","modified_gmt":"2022-01-09T12:04:30","slug":"contact","status":"publish","type":"page","link":"https:\/\/www.kasiterit.eu\/en\/contact\/","title":{"rendered":"Contact"},"content":{"rendered":"\t\t<div data-elementor-type=\"wp-page\" data-elementor-id=\"30203\" class=\"elementor elementor-30203 elementor-122\" data-elementor-post-type=\"page\">\n\t\t\t\t\t\t<section class=\"elementor-section elementor-top-section elementor-element elementor-element-3dbb65c elementor-section-height-full elementor-section-full_width elementor-section-height-default elementor-section-items-middle\" data-id=\"3dbb65c\" data-element_type=\"section\" data-e-type=\"section\" data-settings=\"{&quot;background_background&quot;:&quot;classic&quot;}\">\n\t\t\t\t\t\t<div class=\"elementor-container elementor-column-gap-no\">\n\t\t\t\t\t<div class=\"elementor-column elementor-col-50 elementor-top-column elementor-element elementor-element-3fa52c1\" data-id=\"3fa52c1\" data-element_type=\"column\" data-e-type=\"column\">\n\t\t\t<div class=\"elementor-widget-wrap elementor-element-populated\">\n\t\t\t\t\t\t<div class=\"elementor-element elementor-element-71266e2 elementor-invisible elementor-widget elementor-widget-text-editor\" data-id=\"71266e2\" data-element_type=\"widget\" data-e-type=\"widget\" data-settings=\"{&quot;sticky&quot;:&quot;top&quot;,&quot;sticky_on&quot;:[&quot;desktop&quot;],&quot;_animation&quot;:&quot;slideInLeft&quot;,&quot;sticky_offset&quot;:0,&quot;sticky_effects_offset&quot;:0,&quot;sticky_anchor_link_offset&quot;:0}\" data-widget_type=\"text-editor.default\">\n\t\t\t\t<div class=\"elementor-widget-container\">\n\t\t\t\t\t\t\t\t\t<p><strong>Monika Piln\u00e1<\/strong><\/p>\n<p>Lipov\u00e9 42,<\/p>\n<p>946 14 Zemianska Ol\u010da<\/p>\n<p>Phone: +421 944 308 931<\/p>\n<p>Write us\u00a0<a href=\"mailto:kasiterit@kasiterit.eu\">kasiterit@kasiterit.eu<\/a><\/p>\n\t\t\t\t\t\t\t\t<\/div>\n\t\t\t\t<\/div>\n\t\t\t\t\t<\/div>\n\t\t<\/div>\n\t\t\t\t<div class=\"elementor-column elementor-col-50 elementor-top-column elementor-element elementor-element-a87f5dc\" data-id=\"a87f5dc\" data-element_type=\"column\" data-e-type=\"column\" data-settings=\"{&quot;background_background&quot;:&quot;classic&quot;}\">\n\t\t\t<div class=\"elementor-widget-wrap\">\n\t\t\t\t\t\t\t<\/div>\n\t\t<\/div>\n\t\t\t\t\t<\/div>\n\t\t<\/section>\n\t\t\t\t<\/div>\n\t\t","protected":false},"excerpt":{"rendered":"<p>Monika Piln\u00e1 Lipov\u00e9 42, 946 14 Zemianska Ol\u010da Phone: +421 944 308 931 Write us\u00a0kasiterit@kasiterit.eu<\/p>\n","protected":false},"author":1,"featured_media":0,"parent":0,"menu_order":0,"comment_status":"closed","ping_status":"closed","template":"","meta":{"footnotes":""},"class_list":["post-30203","page","type-page","status-publish","hentry"],"_links":{"self":[{"href":"https:\/\/www.kasiterit.eu\/en\/wp-json\/wp\/v2\/pages\/30203","targetHints":{"allow":["GET"]}}],"collection":[{"href":"https:\/\/www.kasiterit.eu\/en\/wp-json\/wp\/v2\/pages"}],"about":[{"href":"https:\/\/www.kasiterit.eu\/en\/wp-json\/wp\/v2\/types\/page"}],"author":[{"embeddable":true,"href":"https:\/\/www.kasiterit.eu\/en\/wp-json\/wp\/v2\/users\/1"}],"replies":[{"embeddable":true,"href":"https:\/\/www.kasiterit.eu\/en\/wp-json\/wp\/v2\/comments?post=30203"}],"version-history":[{"count":0,"href":"https:\/\/www.kasiterit.eu\/en\/wp-json\/wp\/v2\/pages\/30203\/revisions"}],"wp:attachment":[{"href":"https:\/\/www.kasiterit.eu\/en\/wp-json\/wp\/v2\/media?parent=30203"}],"curies":[{"name":"wp","href":"https:\/\/api.w.org\/{rel}","templated":true}]}}